{"id":15228,"date":"2019-01-26T11:10:00","date_gmt":"2019-01-26T10:10:00","guid":{"rendered":"http:\/\/www.gezupftes.de\/?page_id=15228"},"modified":"2025-02-08T10:13:43","modified_gmt":"2025-02-08T09:13:43","slug":"unterstuetzen-sie-mein-blog","status":"publish","type":"page","link":"https:\/\/www.gezupftes.de\/?page_id=15228","title":{"rendered":"Notentipps f\u00fcr Mandoline &#8211; Unterst\u00fctzen sie mein Blog!"},"content":{"rendered":"\n<p>In den vergangenen Jahren habe ich hunderte von Euros ausgegeben um alte Mandolinennoten zu kaufen. Ich habe viele Stunden damit verbracht alte Noten und Mandolinenschulen zu scannen. Das m\u00f6chte ich gerne noch weiter machen und noch mehr interessante Mandolinennoten ver\u00f6ffentlichen.<\/p>\n\n\n\n<p>Wenn sie mich unterst\u00fctzen wollen k\u00f6nnen sie ihre n\u00e4chste Bestellung bei Amazon \u00fcber einen der folgenden Links machen. Das kostet sie keinen Cent mehr, aber ich bekomme eine kleine Provision.<\/p>\n\n\n\n<p>Vielen Dank!<\/p>\n\n\n\n<h4 class=\"wp-block-heading\">Werbung &#8211; Amazon Partnerlinks:<\/h4>\n\n\n\n<h4 class=\"wp-block-heading\">Mandolinenschulen<\/h4>\n\n\n\n<p>Folgende Mandolinenschulen sind aktuell in deutscher Sprache erh\u00e4ltlich &#8211; diese k\u00f6nnen bei Amazon \u00fcber die folgenden Links bestellt werden:<\/p>\n\n\n\n<h4 class=\"wp-block-heading\">Mandolinenkurs 1 &#8211; Michael Reichenbach<\/h4>\n\n\n\n<div class=\"wp-block-buttons is-layout-flex wp-block-buttons-is-layout-flex\">\n<div class=\"wp-block-button\"><a class=\"wp-block-button__link wp-element-button\" href=\"http:\/\/Mandolinenkurs 1\" target=\"_blank\" rel=\"noreferrer noopener\">Mandolinenkurs 1<\/a><\/div>\n<\/div>\n\n\n\n<figure class=\"wp-block-image size-medium\"><img data-recalc-dims=\"1\" loading=\"lazy\" decoding=\"async\" width=\"300\" height=\"300\" data-attachment-id=\"16989\" data-permalink=\"https:\/\/www.gezupftes.de\/?attachment_id=16989\" data-orig-file=\"https:\/\/i0.wp.com\/www.gezupftes.de\/wp-content\/uploads\/2025\/02\/mandolinenschule-band1-cover-vorn-sq-1000.jpg?fit=1000%2C1000&amp;ssl=1\" data-orig-size=\"1000,1000\" data-comments-opened=\"0\" data-image-meta=\"{&quot;aperture&quot;:&quot;0&quot;,&quot;credit&quot;:&quot;Michael Reichenbach&quot;,&quot;camera&quot;:&quot;&quot;,&quot;caption&quot;:&quot;&quot;,&quot;created_timestamp&quot;:&quot;1733754600&quot;,&quot;copyright&quot;:&quot;&quot;,&quot;focal_length&quot;:&quot;0&quot;,&quot;iso&quot;:&quot;0&quot;,&quot;shutter_speed&quot;:&quot;0&quot;,&quot;title&quot;:&quot;mandolinenschule02-einzelseiten&quot;,&quot;orientation&quot;:&quot;0&quot;}\" data-image-title=\"mandolinenschule02-einzelseiten\" data-image-description=\"\" data-image-caption=\"\" data-medium-file=\"https:\/\/i0.wp.com\/www.gezupftes.de\/wp-content\/uploads\/2025\/02\/mandolinenschule-band1-cover-vorn-sq-1000.jpg?fit=300%2C300&amp;ssl=1\" data-large-file=\"https:\/\/i0.wp.com\/www.gezupftes.de\/wp-content\/uploads\/2025\/02\/mandolinenschule-band1-cover-vorn-sq-1000.jpg?fit=1000%2C1000&amp;ssl=1\" src=\"https:\/\/i0.wp.com\/www.gezupftes.de\/wp-content\/uploads\/2025\/02\/mandolinenschule-band1-cover-vorn-sq-1000-300x300.jpg?resize=300%2C300&#038;ssl=1\" alt=\"\" class=\"wp-image-16989\" srcset=\"https:\/\/i0.wp.com\/www.gezupftes.de\/wp-content\/uploads\/2025\/02\/mandolinenschule-band1-cover-vorn-sq-1000.jpg?resize=300%2C300&amp;ssl=1 300w, https:\/\/i0.wp.com\/www.gezupftes.de\/wp-content\/uploads\/2025\/02\/mandolinenschule-band1-cover-vorn-sq-1000.jpg?resize=150%2C150&amp;ssl=1 150w, https:\/\/i0.wp.com\/www.gezupftes.de\/wp-content\/uploads\/2025\/02\/mandolinenschule-band1-cover-vorn-sq-1000.jpg?resize=768%2C768&amp;ssl=1 768w, https:\/\/i0.wp.com\/www.gezupftes.de\/wp-content\/uploads\/2025\/02\/mandolinenschule-band1-cover-vorn-sq-1000.jpg?resize=50%2C50&amp;ssl=1 50w, https:\/\/i0.wp.com\/www.gezupftes.de\/wp-content\/uploads\/2025\/02\/mandolinenschule-band1-cover-vorn-sq-1000.jpg?w=1000&amp;ssl=1 1000w\" sizes=\"auto, (max-width: 300px) 100vw, 300px\" \/><\/figure>\n\n\n\n<h4 class=\"wp-block-heading\">Mein erstes Mandolinenbuch 1 bis 4 von Ariane Lorch<\/h4>\n\n\n\n<p>Eine Mandolinenschule f\u00fcr Kinder ab 7 Jahren f\u00fcr den Einzel- und Gruppenunterricht mit zahlreichen Fotos und Illustrationen von Uwe Dams<\/p>\n\n\n\n<div class=\"wp-block-buttons is-layout-flex wp-block-buttons-is-layout-flex\">\n<div class=\"wp-block-button\"><a class=\"wp-block-button__link wp-element-button\" href=\"https:\/\/amzn.to\/3WU3U0F\" target=\"_blank\" rel=\"noreferrer noopener\">Mein erstes Mandolinenbuch bei Amzon bestellen (Partnerlink)<\/a><\/div>\n\n\n\n<div class=\"wp-block-button\"><a class=\"wp-block-button__link wp-element-button\" href=\"https:\/\/amzn.to\/4hRzJPX\" target=\"_blank\" rel=\"noreferrer noopener\">Mein zweites Mandolinenbuch bei Amazon bestellen<\/a><\/div>\n<\/div>\n\n\n\n<div class=\"wp-block-buttons is-layout-flex wp-block-buttons-is-layout-flex\">\n<div class=\"wp-block-button\"><a class=\"wp-block-button__link wp-element-button\" href=\"https:\/\/amzn.to\/3CIqaDN\" target=\"_blank\" rel=\"noreferrer noopener\">Mein drittes Mandolinenbuch bei Amazon bestellen<\/a><\/div>\n\n\n\n<div class=\"wp-block-button\"><a class=\"wp-block-button__link wp-element-button\" href=\"https:\/\/amzn.to\/4aNRH3r\" target=\"_blank\" rel=\"noreferrer noopener\">Mein viertes Mandolinenbuch bei Amzon bestellen<\/a><\/div>\n<\/div>\n\n\n\n<figure class=\"wp-block-image size-medium\"><img data-recalc-dims=\"1\" loading=\"lazy\" decoding=\"async\" width=\"300\" height=\"300\" data-attachment-id=\"16984\" data-permalink=\"https:\/\/www.gezupftes.de\/?attachment_id=16984\" data-orig-file=\"https:\/\/i0.wp.com\/www.gezupftes.de\/wp-content\/uploads\/2025\/02\/ariane-lorch-mandolinenbuch-2-01.jpg?fit=1600%2C1600&amp;ssl=1\" data-orig-size=\"1600,1600\" data-comments-opened=\"0\" data-image-meta=\"{&quot;aperture&quot;:&quot;0&quot;,&quot;credit&quot;:&quot;&quot;,&quot;camera&quot;:&quot;&quot;,&quot;caption&quot;:&quot;&quot;,&quot;created_timestamp&quot;:&quot;0&quot;,&quot;copyright&quot;:&quot;&quot;,&quot;focal_length&quot;:&quot;0&quot;,&quot;iso&quot;:&quot;0&quot;,&quot;shutter_speed&quot;:&quot;0&quot;,&quot;title&quot;:&quot;&quot;,&quot;orientation&quot;:&quot;0&quot;}\" data-image-title=\"ariane-lorch-mandolinenbuch-2-01\" data-image-description=\"\" data-image-caption=\"\" data-medium-file=\"https:\/\/i0.wp.com\/www.gezupftes.de\/wp-content\/uploads\/2025\/02\/ariane-lorch-mandolinenbuch-2-01.jpg?fit=300%2C300&amp;ssl=1\" data-large-file=\"https:\/\/i0.wp.com\/www.gezupftes.de\/wp-content\/uploads\/2025\/02\/ariane-lorch-mandolinenbuch-2-01.jpg?fit=1024%2C1024&amp;ssl=1\" src=\"https:\/\/i0.wp.com\/www.gezupftes.de\/wp-content\/uploads\/2025\/02\/ariane-lorch-mandolinenbuch-2-01-300x300.jpg?resize=300%2C300&#038;ssl=1\" alt=\"\" class=\"wp-image-16984\" srcset=\"https:\/\/i0.wp.com\/www.gezupftes.de\/wp-content\/uploads\/2025\/02\/ariane-lorch-mandolinenbuch-2-01.jpg?resize=300%2C300&amp;ssl=1 300w, https:\/\/i0.wp.com\/www.gezupftes.de\/wp-content\/uploads\/2025\/02\/ariane-lorch-mandolinenbuch-2-01.jpg?resize=1024%2C1024&amp;ssl=1 1024w, https:\/\/i0.wp.com\/www.gezupftes.de\/wp-content\/uploads\/2025\/02\/ariane-lorch-mandolinenbuch-2-01.jpg?resize=150%2C150&amp;ssl=1 150w, https:\/\/i0.wp.com\/www.gezupftes.de\/wp-content\/uploads\/2025\/02\/ariane-lorch-mandolinenbuch-2-01.jpg?resize=768%2C768&amp;ssl=1 768w, https:\/\/i0.wp.com\/www.gezupftes.de\/wp-content\/uploads\/2025\/02\/ariane-lorch-mandolinenbuch-2-01.jpg?resize=1536%2C1536&amp;ssl=1 1536w, https:\/\/i0.wp.com\/www.gezupftes.de\/wp-content\/uploads\/2025\/02\/ariane-lorch-mandolinenbuch-2-01.jpg?resize=50%2C50&amp;ssl=1 50w, https:\/\/i0.wp.com\/www.gezupftes.de\/wp-content\/uploads\/2025\/02\/ariane-lorch-mandolinenbuch-2-01.jpg?w=1600&amp;ssl=1 1600w\" sizes=\"auto, (max-width: 300px) 100vw, 300px\" \/><\/figure>\n\n\n\n<h4 class=\"wp-block-heading\">Mandolinenschulen Marga Wilden-H\u00fcsgen<\/h4>\n\n\n\n<p>Diese Mandolinenschule orientiert sich an der Spielweise der klassischen Meister und wird heute an der Musikhochschule K\u00f6ln\/Wuppertal als Standard gelehrt.<\/p>\n\n\n\n<div class=\"wp-block-buttons is-layout-flex wp-block-buttons-is-layout-flex\">\n<div class=\"wp-block-button\"><a class=\"wp-block-button__link wp-element-button\" href=\"https:\/\/amzn.to\/4hPszvu\" target=\"_blank\" rel=\"noreferrer noopener\">Mandolinenschule von Marga Wilden-H\u00fcsgen bei Amazon bestellen (Partnerlink)<\/a><\/div>\n<\/div>\n\n\n\n<figure class=\"wp-block-image size-medium\"><img data-recalc-dims=\"1\" loading=\"lazy\" decoding=\"async\" width=\"228\" height=\"300\" data-attachment-id=\"16977\" data-permalink=\"https:\/\/www.gezupftes.de\/?attachment_id=16977\" data-orig-file=\"https:\/\/i0.wp.com\/www.gezupftes.de\/wp-content\/uploads\/2025\/02\/marga.jpg?fit=779%2C1024&amp;ssl=1\" data-orig-size=\"779,1024\" data-comments-opened=\"0\" data-image-meta=\"{&quot;aperture&quot;:&quot;0&quot;,&quot;credit&quot;:&quot;&quot;,&quot;camera&quot;:&quot;&quot;,&quot;caption&quot;:&quot;&quot;,&quot;created_timestamp&quot;:&quot;0&quot;,&quot;copyright&quot;:&quot;&quot;,&quot;focal_length&quot;:&quot;0&quot;,&quot;iso&quot;:&quot;0&quot;,&quot;shutter_speed&quot;:&quot;0&quot;,&quot;title&quot;:&quot;&quot;,&quot;orientation&quot;:&quot;0&quot;}\" data-image-title=\"marga\" data-image-description=\"\" data-image-caption=\"\" data-medium-file=\"https:\/\/i0.wp.com\/www.gezupftes.de\/wp-content\/uploads\/2025\/02\/marga.jpg?fit=228%2C300&amp;ssl=1\" data-large-file=\"https:\/\/i0.wp.com\/www.gezupftes.de\/wp-content\/uploads\/2025\/02\/marga.jpg?fit=779%2C1024&amp;ssl=1\" src=\"https:\/\/i0.wp.com\/www.gezupftes.de\/wp-content\/uploads\/2025\/02\/marga-228x300.jpg?resize=228%2C300&#038;ssl=1\" alt=\"\" class=\"wp-image-16977\" srcset=\"https:\/\/i0.wp.com\/www.gezupftes.de\/wp-content\/uploads\/2025\/02\/marga.jpg?resize=228%2C300&amp;ssl=1 228w, https:\/\/i0.wp.com\/www.gezupftes.de\/wp-content\/uploads\/2025\/02\/marga.jpg?resize=768%2C1010&amp;ssl=1 768w, https:\/\/i0.wp.com\/www.gezupftes.de\/wp-content\/uploads\/2025\/02\/marga.jpg?w=779&amp;ssl=1 779w\" sizes=\"auto, (max-width: 228px) 100vw, 228px\" \/><\/figure>\n\n\n\n<h4 class=\"wp-block-heading\">Schule von Christian Veith<\/h4>\n\n\n\n<div class=\"wp-block-buttons is-layout-flex wp-block-buttons-is-layout-flex\">\n<div class=\"wp-block-button\"><a class=\"wp-block-button__link wp-element-button\" href=\"https:\/\/amzn.to\/4hOWRON\" target=\"_blank\" rel=\"noreferrer noopener\">Mandolinenschule von Christian Veith<\/a><\/div>\n<\/div>\n\n\n\n<figure class=\"wp-block-image size-medium\"><img data-recalc-dims=\"1\" loading=\"lazy\" decoding=\"async\" width=\"207\" height=\"300\" data-attachment-id=\"16976\" data-permalink=\"https:\/\/www.gezupftes.de\/?attachment_id=16976\" data-orig-file=\"https:\/\/i0.wp.com\/www.gezupftes.de\/wp-content\/uploads\/2025\/02\/mandoline-veith-2.jpg?fit=827%2C1200&amp;ssl=1\" data-orig-size=\"827,1200\" data-comments-opened=\"0\" data-image-meta=\"{&quot;aperture&quot;:&quot;0&quot;,&quot;credit&quot;:&quot;&quot;,&quot;camera&quot;:&quot;&quot;,&quot;caption&quot;:&quot;Version 1.0.0&quot;,&quot;created_timestamp&quot;:&quot;0&quot;,&quot;copyright&quot;:&quot;&quot;,&quot;focal_length&quot;:&quot;0&quot;,&quot;iso&quot;:&quot;0&quot;,&quot;shutter_speed&quot;:&quot;0&quot;,&quot;title&quot;:&quot;Version 1.0.0&quot;,&quot;orientation&quot;:&quot;0&quot;}\" data-image-title=\"Version 1.0.0\" data-image-description=\"\" data-image-caption=\"&lt;p&gt;Version 1.0.0&lt;\/p&gt;\n\" data-medium-file=\"https:\/\/i0.wp.com\/www.gezupftes.de\/wp-content\/uploads\/2025\/02\/mandoline-veith-2.jpg?fit=207%2C300&amp;ssl=1\" data-large-file=\"https:\/\/i0.wp.com\/www.gezupftes.de\/wp-content\/uploads\/2025\/02\/mandoline-veith-2.jpg?fit=706%2C1024&amp;ssl=1\" src=\"https:\/\/i0.wp.com\/www.gezupftes.de\/wp-content\/uploads\/2025\/02\/mandoline-veith-2-207x300.jpg?resize=207%2C300&#038;ssl=1\" alt=\"\" class=\"wp-image-16976\" srcset=\"https:\/\/i0.wp.com\/www.gezupftes.de\/wp-content\/uploads\/2025\/02\/mandoline-veith-2.jpg?resize=207%2C300&amp;ssl=1 207w, https:\/\/i0.wp.com\/www.gezupftes.de\/wp-content\/uploads\/2025\/02\/mandoline-veith-2.jpg?resize=706%2C1024&amp;ssl=1 706w, https:\/\/i0.wp.com\/www.gezupftes.de\/wp-content\/uploads\/2025\/02\/mandoline-veith-2.jpg?resize=768%2C1114&amp;ssl=1 768w, https:\/\/i0.wp.com\/www.gezupftes.de\/wp-content\/uploads\/2025\/02\/mandoline-veith-2.jpg?w=827&amp;ssl=1 827w\" sizes=\"auto, (max-width: 207px) 100vw, 207px\" \/><figcaption class=\"wp-element-caption\">Version 1.0.0<\/figcaption><\/figure>\n\n\n\n<h4 class=\"wp-block-heading\">Mandoline f\u00fcr Anf\u00e4nger<\/h4>\n\n\n\n<p>Deutsche Ausgabe einer amerikanischen Mandolinenschule f\u00fcr Anf\u00e4nger<\/p>\n\n\n\n<div class=\"wp-block-buttons is-layout-flex wp-block-buttons-is-layout-flex\">\n<div class=\"wp-block-button\"><a class=\"wp-block-button__link wp-element-button\" href=\"https:\/\/amzn.to\/41aK031\" target=\"_blank\" rel=\"noreferrer noopener\">Mandolinenschule &#8211; Nur f\u00fcr Anf\u00e4nger &#8211; Mandoline<\/a><\/div>\n<\/div>\n\n\n\n<figure class=\"wp-block-image size-medium\"><img data-recalc-dims=\"1\" loading=\"lazy\" decoding=\"async\" width=\"224\" height=\"300\" data-attachment-id=\"16978\" data-permalink=\"https:\/\/www.gezupftes.de\/?attachment_id=16978\" data-orig-file=\"https:\/\/i0.wp.com\/www.gezupftes.de\/wp-content\/uploads\/2025\/02\/anfaenger.jpg?fit=748%2C1000&amp;ssl=1\" data-orig-size=\"748,1000\" data-comments-opened=\"0\" data-image-meta=\"{&quot;aperture&quot;:&quot;0&quot;,&quot;credit&quot;:&quot;&quot;,&quot;camera&quot;:&quot;&quot;,&quot;caption&quot;:&quot;&quot;,&quot;created_timestamp&quot;:&quot;0&quot;,&quot;copyright&quot;:&quot;&quot;,&quot;focal_length&quot;:&quot;0&quot;,&quot;iso&quot;:&quot;0&quot;,&quot;shutter_speed&quot;:&quot;0&quot;,&quot;title&quot;:&quot;&quot;,&quot;orientation&quot;:&quot;0&quot;}\" data-image-title=\"anfaenger\" data-image-description=\"\" data-image-caption=\"\" data-medium-file=\"https:\/\/i0.wp.com\/www.gezupftes.de\/wp-content\/uploads\/2025\/02\/anfaenger.jpg?fit=224%2C300&amp;ssl=1\" data-large-file=\"https:\/\/i0.wp.com\/www.gezupftes.de\/wp-content\/uploads\/2025\/02\/anfaenger.jpg?fit=748%2C1000&amp;ssl=1\" src=\"https:\/\/i0.wp.com\/www.gezupftes.de\/wp-content\/uploads\/2025\/02\/anfaenger-224x300.jpg?resize=224%2C300&#038;ssl=1\" alt=\"\" class=\"wp-image-16978\" srcset=\"https:\/\/i0.wp.com\/www.gezupftes.de\/wp-content\/uploads\/2025\/02\/anfaenger.jpg?resize=224%2C300&amp;ssl=1 224w, https:\/\/i0.wp.com\/www.gezupftes.de\/wp-content\/uploads\/2025\/02\/anfaenger.jpg?w=748&amp;ssl=1 748w\" sizes=\"auto, (max-width: 224px) 100vw, 224px\" \/><\/figure>\n\n\n\n<h4 class=\"wp-block-heading\">Die Neue Mandolinenschule<\/h4>\n\n\n\n<div class=\"wp-block-buttons is-layout-flex wp-block-buttons-is-layout-flex\">\n<div class=\"wp-block-button\"><a class=\"wp-block-button__link wp-element-button\" href=\"https:\/\/amzn.to\/3Q9wd7u\" target=\"_blank\" rel=\"noreferrer noopener\">Die Neue Mandolinenschule Band 1<\/a><\/div>\n\n\n\n<div class=\"wp-block-button\"><a class=\"wp-block-button__link wp-element-button\" href=\"https:\/\/amzn.to\/3QbmCwU\" target=\"_blank\" rel=\"noreferrer noopener\">Die Neue Mandolinenschule Band 2<\/a><\/div>\n\n\n\n<div class=\"wp-block-button\"><a class=\"wp-block-button__link wp-element-button\" href=\"https:\/\/amzn.to\/4183DcQ\" target=\"_blank\" rel=\"noreferrer noopener\">Die Neue Mandolinenschule Band 3<\/a><\/div>\n<\/div>\n\n\n\n<figure class=\"wp-block-image size-medium\"><img data-recalc-dims=\"1\" loading=\"lazy\" decoding=\"async\" width=\"208\" height=\"300\" data-attachment-id=\"16975\" data-permalink=\"https:\/\/www.gezupftes.de\/?attachment_id=16975\" data-orig-file=\"https:\/\/i0.wp.com\/www.gezupftes.de\/wp-content\/uploads\/2025\/02\/neue-mandolinenschule-3.jpg?fit=1041%2C1500&amp;ssl=1\" data-orig-size=\"1041,1500\" data-comments-opened=\"0\" data-image-meta=\"{&quot;aperture&quot;:&quot;0&quot;,&quot;credit&quot;:&quot;&quot;,&quot;camera&quot;:&quot;&quot;,&quot;caption&quot;:&quot;&quot;,&quot;created_timestamp&quot;:&quot;0&quot;,&quot;copyright&quot;:&quot;&quot;,&quot;focal_length&quot;:&quot;0&quot;,&quot;iso&quot;:&quot;0&quot;,&quot;shutter_speed&quot;:&quot;0&quot;,&quot;title&quot;:&quot;&quot;,&quot;orientation&quot;:&quot;0&quot;}\" data-image-title=\"neue-mandolinenschule-3\" data-image-description=\"\" data-image-caption=\"\" data-medium-file=\"https:\/\/i0.wp.com\/www.gezupftes.de\/wp-content\/uploads\/2025\/02\/neue-mandolinenschule-3.jpg?fit=208%2C300&amp;ssl=1\" data-large-file=\"https:\/\/i0.wp.com\/www.gezupftes.de\/wp-content\/uploads\/2025\/02\/neue-mandolinenschule-3.jpg?fit=711%2C1024&amp;ssl=1\" src=\"https:\/\/i0.wp.com\/www.gezupftes.de\/wp-content\/uploads\/2025\/02\/neue-mandolinenschule-3-208x300.jpg?resize=208%2C300&#038;ssl=1\" alt=\"\" class=\"wp-image-16975\" srcset=\"https:\/\/i0.wp.com\/www.gezupftes.de\/wp-content\/uploads\/2025\/02\/neue-mandolinenschule-3.jpg?resize=208%2C300&amp;ssl=1 208w, https:\/\/i0.wp.com\/www.gezupftes.de\/wp-content\/uploads\/2025\/02\/neue-mandolinenschule-3.jpg?resize=711%2C1024&amp;ssl=1 711w, https:\/\/i0.wp.com\/www.gezupftes.de\/wp-content\/uploads\/2025\/02\/neue-mandolinenschule-3.jpg?resize=768%2C1107&amp;ssl=1 768w, https:\/\/i0.wp.com\/www.gezupftes.de\/wp-content\/uploads\/2025\/02\/neue-mandolinenschule-3.jpg?w=1041&amp;ssl=1 1041w\" sizes=\"auto, (max-width: 208px) 100vw, 208px\" \/><\/figure>\n\n\n\n<h4 class=\"wp-block-heading\">Amerikanische Ausgaben mit vielen Musikst\u00fccken<\/h4>\n\n\n\n<div class=\"wp-block-buttons is-layout-flex wp-block-buttons-is-layout-flex\">\n<div class=\"wp-block-button\"><a class=\"wp-block-button__link wp-element-button\" href=\"https:\/\/amzn.to\/3CK7kfE\" target=\"_blank\" rel=\"noreferrer noopener\">Marilynn Mair: Complete Mandolinist: A Comprehensive Method<\/a><\/div>\n<\/div>\n\n\n\n<div class=\"wp-block-buttons is-layout-flex wp-block-buttons-is-layout-flex\">\n<div class=\"wp-block-button\"><a class=\"wp-block-button__link wp-element-button\" href=\"https:\/\/amzn.to\/3Q8YA5L\" target=\"_blank\" rel=\"noreferrer noopener\">Marilynn Mair: The Complete Mandolinist, Volume 2: Music in Context<\/a><\/div>\n<\/div>\n\n\n\n<div class=\"wp-block-buttons is-layout-flex wp-block-buttons-is-layout-flex\">\n<div class=\"wp-block-button\"><a class=\"wp-block-button__link wp-element-button\" href=\"https:\/\/amzn.to\/40OcEGH\" target=\"_blank\" rel=\"noreferrer noopener\">Mandolin For Dummies, 2nd Edition<\/a><\/div>\n<\/div>\n\n\n\n<figure class=\"wp-block-image size-medium\"><img data-recalc-dims=\"1\" loading=\"lazy\" decoding=\"async\" width=\"239\" height=\"300\" data-attachment-id=\"16985\" data-permalink=\"https:\/\/www.gezupftes.de\/?attachment_id=16985\" data-orig-file=\"https:\/\/i0.wp.com\/www.gezupftes.de\/wp-content\/uploads\/2025\/02\/dummies.jpg?fit=1196%2C1500&amp;ssl=1\" data-orig-size=\"1196,1500\" data-comments-opened=\"0\" data-image-meta=\"{&quot;aperture&quot;:&quot;0&quot;,&quot;credit&quot;:&quot;&quot;,&quot;camera&quot;:&quot;&quot;,&quot;caption&quot;:&quot;&quot;,&quot;created_timestamp&quot;:&quot;0&quot;,&quot;copyright&quot;:&quot;&quot;,&quot;focal_length&quot;:&quot;0&quot;,&quot;iso&quot;:&quot;0&quot;,&quot;shutter_speed&quot;:&quot;0&quot;,&quot;title&quot;:&quot;&quot;,&quot;orientation&quot;:&quot;0&quot;}\" data-image-title=\"dummies\" data-image-description=\"\" data-image-caption=\"\" data-medium-file=\"https:\/\/i0.wp.com\/www.gezupftes.de\/wp-content\/uploads\/2025\/02\/dummies.jpg?fit=239%2C300&amp;ssl=1\" data-large-file=\"https:\/\/i0.wp.com\/www.gezupftes.de\/wp-content\/uploads\/2025\/02\/dummies.jpg?fit=816%2C1024&amp;ssl=1\" src=\"https:\/\/i0.wp.com\/www.gezupftes.de\/wp-content\/uploads\/2025\/02\/dummies-239x300.jpg?resize=239%2C300&#038;ssl=1\" alt=\"\" class=\"wp-image-16985\" srcset=\"https:\/\/i0.wp.com\/www.gezupftes.de\/wp-content\/uploads\/2025\/02\/dummies.jpg?resize=239%2C300&amp;ssl=1 239w, https:\/\/i0.wp.com\/www.gezupftes.de\/wp-content\/uploads\/2025\/02\/dummies.jpg?resize=816%2C1024&amp;ssl=1 816w, https:\/\/i0.wp.com\/www.gezupftes.de\/wp-content\/uploads\/2025\/02\/dummies.jpg?resize=768%2C963&amp;ssl=1 768w, https:\/\/i0.wp.com\/www.gezupftes.de\/wp-content\/uploads\/2025\/02\/dummies.jpg?w=1196&amp;ssl=1 1196w\" sizes=\"auto, (max-width: 239px) 100vw, 239px\" \/><\/figure>\n\n\n\n<h4 class=\"wp-block-heading\">Geschenkgutschein<\/h4>\n\n\n\n<div class=\"wp-block-buttons is-layout-flex wp-block-buttons-is-layout-flex\">\n<div class=\"wp-block-button\"><a class=\"wp-block-button__link wp-element-button\" href=\"https:\/\/amzn.to\/4hJVqBc\" target=\"_blank\" rel=\"noreferrer noopener\">Geschenkgutschein (Amazon)<\/a><\/div>\n<\/div>\n","protected":false},"excerpt":{"rendered":"<p>In den vergangenen Jahren habe ich hunderte von Euros ausgegeben um alte Mandolinennoten zu kaufen. Ich habe viele Stunden damit [&hellip;]<\/p>\n","protected":false},"author":2,"featured_media":15574,"parent":0,"menu_order":0,"comment_status":"closed","ping_status":"closed","template":"","meta":{"site-sidebar-layout":"default","site-content-layout":"","ast-site-content-layout":"default","site-content-style":"default","site-sidebar-style":"default","ast-global-header-display":"","ast-banner-title-visibility":"","ast-main-header-display":"","ast-hfb-above-header-display":"","ast-hfb-below-header-display":"","ast-hfb-mobile-header-display":"","site-post-title":"","ast-breadcrumbs-content":"","ast-featured-img":"","footer-sml-layout":"","theme-transparent-header-meta":"","adv-header-id-meta":"","stick-header-meta":"","header-above-stick-meta":"","header-main-stick-meta":"","header-below-stick-meta":"","astra-migrate-meta-layouts":"set","ast-page-background-enabled":"default","ast-page-background-meta":{"desktop":{"background-color":"var(--ast-global-color-4)","background-image":"","background-repeat":"repeat","background-position":"center center","background-size":"auto","background-attachment":"scroll","background-type":"","background-media":"","overlay-type":"","overlay-color":"","overlay-opacity":"","overlay-gradient":""},"tablet":{"background-color":"","background-image":"","background-repeat":"repeat","background-position":"center center","background-size":"auto","background-attachment":"scroll","background-type":"","background-media":"","overlay-type":"","overlay-color":"","overlay-opacity":"","overlay-gradient":""},"mobile":{"background-color":"","background-image":"","background-repeat":"repeat","background-position":"center center","background-size":"auto","background-attachment":"scroll","background-type":"","background-media":"","overlay-type":"","overlay-color":"","overlay-opacity":"","overlay-gradient":""}},"ast-content-background-meta":{"desktop":{"background-color":"var(--ast-global-color-5)","background-image":"","background-repeat":"repeat","background-position":"center center","background-size":"auto","background-attachment":"scroll","background-type":"","background-media":"","overlay-type":"","overlay-color":"","overlay-opacity":"","overlay-gradient":""},"tablet":{"background-color":"var(--ast-global-color-5)","background-image":"","background-repeat":"repeat","background-position":"center center","background-size":"auto","background-attachment":"scroll","background-type":"","background-media":"","overlay-type":"","overlay-color":"","overlay-opacity":"","overlay-gradient":""},"mobile":{"background-color":"var(--ast-global-color-5)","background-image":"","background-repeat":"repeat","background-position":"center center","background-size":"auto","background-attachment":"scroll","background-type":"","background-media":"","overlay-type":"","overlay-color":"","overlay-opacity":"","overlay-gradient":""}},"jetpack_post_was_ever_published":false,"footnotes":""},"class_list":["post-15228","page","type-page","status-publish","has-post-thumbnail","hentry"],"jetpack_shortlink":"https:\/\/wp.me\/PI0aV-3XC","jetpack_sharing_enabled":true,"_links":{"self":[{"href":"https:\/\/www.gezupftes.de\/index.php?rest_route=\/wp\/v2\/pages\/15228","targetHints":{"allow":["GET"]}}],"collection":[{"href":"https:\/\/www.gezupftes.de\/index.php?rest_route=\/wp\/v2\/pages"}],"about":[{"href":"https:\/\/www.gezupftes.de\/index.php?rest_route=\/wp\/v2\/types\/page"}],"author":[{"embeddable":true,"href":"https:\/\/www.gezupftes.de\/index.php?rest_route=\/wp\/v2\/users\/2"}],"replies":[{"embeddable":true,"href":"https:\/\/www.gezupftes.de\/index.php?rest_route=%2Fwp%2Fv2%2Fcomments&post=15228"}],"version-history":[{"count":30,"href":"https:\/\/www.gezupftes.de\/index.php?rest_route=\/wp\/v2\/pages\/15228\/revisions"}],"predecessor-version":[{"id":16990,"href":"https:\/\/www.gezupftes.de\/index.php?rest_route=\/wp\/v2\/pages\/15228\/revisions\/16990"}],"wp:featuredmedia":[{"embeddable":true,"href":"https:\/\/www.gezupftes.de\/index.php?rest_route=\/wp\/v2\/media\/15574"}],"wp:attachment":[{"href":"https:\/\/www.gezupftes.de\/index.php?rest_route=%2Fwp%2Fv2%2Fmedia&parent=15228"}],"curies":[{"name":"wp","href":"https:\/\/api.w.org\/{rel}","templated":true}]}}