{"id":2,"date":"2009-02-16T15:41:54","date_gmt":"2009-02-16T14:41:54","guid":{"rendered":""},"modified":"2009-11-25T12:58:28","modified_gmt":"2009-11-25T11:58:28","slug":"ueber-mich","status":"publish","type":"page","link":"https:\/\/www.gezupftes.de\/?page_id=2","title":{"rendered":"\u00dcber mich"},"content":{"rendered":"<p>Ich bin ein begeisterter Mandolinenspieler und interessiere mich f\u00fcr alles, was mit der Mandoline und ihrer Musik zu tun hat. Mehr \u00fcber mich findet man auf meiner Mandolinen-Homepage <a href=\"http:\/\/www.mandoisland.de\/\" target=\"_blank\">MandoIsland <\/a><\/p>\n<p>In diesem Blog m\u00f6chte ich Beitr\u00e4ge zu den Themen Gitarre, Mandoline, Zupfmusik, Zupfinstrumente sammeln, mit Hinweisen zu interessanten youtube Videos, zu Homepages von Gitarristen und Mandolinenspielern, zu kostenlosen Noten, zu Instrumentenbauern und dem Selbstbau von Musikinstrumenten.<\/p>\n<p>Bitte besuchen sie auch meine Homepage <a href=\"http:\/\/www.mandoisland.de\/\" target=\"_blank\">MandoIsland<\/a>! Ich freue mich \u00fcber Kommentare und Hinweise!<\/p>\n<p>Meine Videos mit Mandoline, Gitarre, Ukulele und Waldzither finden sie in meinem youtube Kanal <a href=\"http:\/\/www.youtube.com\/user\/MandoIsland\" target=\"_blank\">Mandoisland<\/a><\/p>\n","protected":false},"excerpt":{"rendered":"<p>Ich bin ein begeisterter Mandolinenspieler und interessiere mich f\u00fcr alles, was mit der Mandoline und ihrer Musik zu tun hat. [&hellip;]<\/p>\n","protected":false},"author":1,"featured_media":0,"parent":0,"menu_order":0,"comment_status":"open","ping_status":"open","template":"","meta":{"site-sidebar-layout":"default","site-content-layout":"","ast-site-content-layout":"","site-content-style":"default","site-sidebar-style":"default","ast-global-header-display":"","ast-banner-title-visibility":"","ast-main-header-display":"","ast-hfb-above-header-display":"","ast-hfb-below-header-display":"","ast-hfb-mobile-header-display":"","site-post-title":"","ast-breadcrumbs-content":"","ast-featured-img":"","footer-sml-layout":"","theme-transparent-header-meta":"","adv-header-id-meta":"","stick-header-meta":"","header-above-stick-meta":"","header-main-stick-meta":"","header-below-stick-meta":"","astra-migrate-meta-layouts":"default","ast-page-background-enabled":"default","ast-page-background-meta":{"desktop":{"background-color":"var(--ast-global-color-4)","background-image":"","background-repeat":"repeat","background-position":"center center","background-size":"auto","background-attachment":"scroll","background-type":"","background-media":"","overlay-type":"","overlay-color":"","overlay-opacity":"","overlay-gradient":""},"tablet":{"background-color":"","background-image":"","background-repeat":"repeat","background-position":"center center","background-size":"auto","background-attachment":"scroll","background-type":"","background-media":"","overlay-type":"","overlay-color":"","overlay-opacity":"","overlay-gradient":""},"mobile":{"background-color":"","background-image":"","background-repeat":"repeat","background-position":"center center","background-size":"auto","background-attachment":"scroll","background-type":"","background-media":"","overlay-type":"","overlay-color":"","overlay-opacity":"","overlay-gradient":""}},"ast-content-background-meta":{"desktop":{"background-color":"var(--ast-global-color-5)","background-image":"","background-repeat":"repeat","background-position":"center center","background-size":"auto","background-attachment":"scroll","background-type":"","background-media":"","overlay-type":"","overlay-color":"","overlay-opacity":"","overlay-gradient":""},"tablet":{"background-color":"var(--ast-global-color-5)","background-image":"","background-repeat":"repeat","background-position":"center center","background-size":"auto","background-attachment":"scroll","background-type":"","background-media":"","overlay-type":"","overlay-color":"","overlay-opacity":"","overlay-gradient":""},"mobile":{"background-color":"var(--ast-global-color-5)","background-image":"","background-repeat":"repeat","background-position":"center center","background-size":"auto","background-attachment":"scroll","background-type":"","background-media":"","overlay-type":"","overlay-color":"","overlay-opacity":"","overlay-gradient":""}},"jetpack_post_was_ever_published":false,"footnotes":""},"class_list":["post-2","page","type-page","status-publish","hentry"],"jetpack_shortlink":"https:\/\/wp.me\/PI0aV-2","jetpack_sharing_enabled":true,"_links":{"self":[{"href":"https:\/\/www.gezupftes.de\/index.php?rest_route=\/wp\/v2\/pages\/2","targetHints":{"allow":["GET"]}}],"collection":[{"href":"https:\/\/www.gezupftes.de\/index.php?rest_route=\/wp\/v2\/pages"}],"about":[{"href":"https:\/\/www.gezupftes.de\/index.php?rest_route=\/wp\/v2\/types\/page"}],"author":[{"embeddable":true,"href":"https:\/\/www.gezupftes.de\/index.php?rest_route=\/wp\/v2\/users\/1"}],"replies":[{"embeddable":true,"href":"https:\/\/www.gezupftes.de\/index.php?rest_route=%2Fwp%2Fv2%2Fcomments&post=2"}],"version-history":[{"count":3,"href":"https:\/\/www.gezupftes.de\/index.php?rest_route=\/wp\/v2\/pages\/2\/revisions"}],"predecessor-version":[{"id":10,"href":"https:\/\/www.gezupftes.de\/index.php?rest_route=\/wp\/v2\/pages\/2\/revisions\/10"}],"wp:attachment":[{"href":"https:\/\/www.gezupftes.de\/index.php?rest_route=%2Fwp%2Fv2%2Fmedia&parent=2"}],"curies":[{"name":"wp","href":"https:\/\/api.w.org\/{rel}","templated":true}]}}