{"id":2908,"date":"2010-08-27T17:16:18","date_gmt":"2010-08-27T16:16:18","guid":{"rendered":"http:\/\/www.gezupftes.de\/?page_id=2908"},"modified":"2024-09-10T07:15:02","modified_gmt":"2024-09-10T06:15:02","slug":"antiquarische-noten-gunstig-zu-haben","status":"publish","type":"page","link":"https:\/\/www.gezupftes.de\/?page_id=2908","title":{"rendered":"Antiquarische Noten &#8211; Mandoline, Gitarre, Violine &#8211; g\u00fcnstig zu haben"},"content":{"rendered":"<p>Die folgenden Noten habe ich doppelt oder ich brauche sie nicht mehr &#8211; ich gebe sie g\u00fcnstig ab oder tausche gegen andere Noten f\u00fcr Mandoline, alte Postkarten auf denen Zupfinstrumente abgebildet sind oder auch Plektren.<\/p>\n<p>Wer Interesse hat kann mir eine E-Mail schicken &#8211; Kontaktinformationen findet man auch auf meiner Homepage <a href=\"http:\/\/www.mandoisland.de\" target=\"_blank\" rel=\"noopener noreferrer\">www.mandoisland.de<\/a><\/p>\n<p><em>List of used sheet music for sale &#8211; please inquire if you need a description in English!<\/em><\/p>\n<p>Per Email:<\/p>\n<p><img data-recalc-dims=\"1\" loading=\"lazy\" decoding=\"async\" class=\"alignnone\" title=\"Kontakt\" src=\"https:\/\/i0.wp.com\/www.mandoisland.de\/weblogbilder2009\/kontakt2009a.gif?resize=492%2C263\" alt=\"\" width=\"492\" height=\"263\" \/><\/p>\n<p>Verkaufsliste &#8211; List of Sheet Music for Sale<\/p>\n<h2>Mandoline<\/h2>\n<ul>\n<li>Theodor Ritter; Mandolinenschule, Band\u00a03; mit Gebrauchsspuren &#8211; jedes Heft nur 2,- Euro<\/li>\n<li>Erich und Elma Doflein, Das Geigen-Schulwerk, Heft 2, Heft 3;\u00a0 je Band 3,- \u20ac<\/li>\n<\/ul>\n<h2>Mandolinenorchester &#8211; Mandolin Orchestra<\/h2>\n<p>Originalnoten von einem Orchester &#8211; original sheet music for mandolin orchestra<\/p>\n<ul>\n<li>Gian Francesco Eterardi &#8211; Ouvertura a 2 Mandolini e Basso; Bearbeitung Wilhelm Krumbach; 7 x Part., komplett 5,- \u20ac, einzelne Partitur 2,- \u20ac<\/li>\n<li>Walter Kretschmar (1902 &#8211; 1976) &#8211; Capriccio f\u00fcr Zupforchester &#8211; Partitur und Stimmensatz (Trekel T132) &#8211; 10,- \u20ac<\/li>\n<li>Walter Kretschmar (1902 &#8211; 1976) &#8211;\u00a0Capriccio f\u00fcr Zupforchester &#8211;\u00a0 Verlag Friedrich Hofmeister &#8211; Partitur, je 2x 1. und 2. Mandoline, 2x Mandola, 2x Git. 1x Bass &#8211; 15,-\u20ac<\/li>\n<li>Walter Kretschmar\u00a0(1902 &#8211; 1976) &#8211; Lautenschl\u00e4ger-Suite f\u00fcr Zupforchester &#8211; Partitur und zwei komplette Stimmens\u00e4tze &#8211; 15,- \u20ac<\/li>\n<li>Walter Kretschmar (1902 &#8211; 1976) &#8211; Lob der Zupfmusik &#8211; Vier St\u00fccke f\u00fcr Zupforchester &#8211; Trekel T138 &#8211; Partitur und 3 mal komplterrer Stimmensatz &#8211; 20,-\u20ac<\/li>\n<li>Walter Kretschmar (1902 &#8211; 1976) &#8211; Austria &#8211; Melodienkranz \u00f6sterreichischer Volksweisen f\u00fcr Mandolinenorchester &#8211; Git. Direktion, und Stimmen &#8211; 10,- \u20ac<\/li>\n<li>Walter Kretschmar (1902 &#8211; 1976) &#8211; Der alter Berner Marsch &#8211; f\u00fcr Mandolinenorchester &#8211; Git. Direktion und Stimmen &#8211; 8,- \u20ac<\/li>\n<li>Walter Kretschmar (1902 &#8211; 1976) &#8211; Musikanten spielt auf! Fr\u00f6hliche Suite komponiert 1936; Partitur und Stimmen; 8,- \u20ac<\/li>\n<li>Hans Schmitt (<a href=\"http:\/\/www.mandolinen.at\/index.php?id=109\" target=\"_blank\" rel=\"noopener noreferrer\">siehe Bio<\/a>\u00a0bei mandoline.at)- Op. 14, Volkslieder-Suite Nr. 1 in 3 S\u00e4tzen; 2 x Part., 4 x Mand. 1, 4 x Mand. 2, 5 x Mandola, 6 x Git., Akkordeon, 2 x Bass; komplett 5,- \u20ac<\/li>\n<li>Hermann Ambrosius &#8211; Vier Deutsche Volkslieder; 3 x Mand. 1, 4 x Mand. 2, 4 x Mandola, 8 x Git., 2 x Mass (keine\u00a0Partitur) &#8211; komplett 5,- \u20ac<\/li>\n<li>Herbert Baumann &#8211; L\u00e4ndliche Zupfmusik; 5 x Mand. 1, 5 x Mand. 2, 6 x Mandola, 8 x Git., 1 x Schlagzeug, 2 x Bass (keine Partitur) &#8211; komplett 5,- \u20ac<\/li>\n<li>Hans Schmitt &#8211; Op. 9, Ungarische Skizze \/ Rudolf Krebs &#8211; Op. 83, Hungaria Ungarischer Marsch; 3 x Mand. 1, 3 x Mand. 2, 3 x Mandola, 9 x Gitarre Direktion, 2 x Bass &#8211; komplett 5,- \u20ac<\/li>\n<li>Hans Schmitt &#8211; Op. 8 Sonatine Nr. 1; Partitur, 4 x Mand. 1, 5 x Mand 2, 6 x Mandola, 10 x Git., 2 x Bass &#8211; komplett 5,- \u20ac<\/li>\n<li>G\u00fcnter Braun &#8211; Suite Nr. 1; Partitur, 4 x Mand. 1, 4 x Mand. 2, 5 x Mandola, 10 x Git., 2 x Bass &#8211; komplett 10,- \u20ac<\/li>\n<li>G\u00fcnter Braun &#8211; Kinderlieder-Suite f\u00fcr eine Singstimme und Zupforchester; 2 x Partitur, 2 x Mand. 1, 2 x Mand. 2, Mandola, 4 x Git. &#8211; komplett 5,- \u20ac<\/li>\n<li>Otto Kockert &#8211; Ball-Erinnerungen (Bearb. Rudolf Krebs); 4 x Mand. 1, 4 x Mand. 2, 5 x Mandola, 10 x Git.-Direktion, 2 x Bass &#8211; komplett 3,- \u20ac<\/li>\n<li>G. Ph. Telemann &#8211; Bearb. S. Behrend &#8211; Hamburger Ouverture; Part., 3 x Mand. 1, 4 x Mand. 2, 3 x Mandola, 7 x Git., 1 x Bass &#8211; komplett 12,- \u20ac<\/li>\n<\/ul>\n<h2>Gitarre<\/h2>\n<ul>\n<li>Heinz Teuchert, Die Neue Gitarrenschule Band 1, 3,- \u20ac<\/li>\n<li>Heinz Teuchert, Grifftabellen f\u00fcr Gitarre, 3,- \u20ac<\/li>\n<li>Kurt Oberleitner; Gitarrenschule Band 1; Kurt Oberleitner Musikverlag, Graz; 3,- \u20ac#<\/li>\n<li>Heinz Teuchert, Meine ersten Gitarrenst\u00fccke, Heft 1 &#8211; Meister der Klassik, 2,- \u20ac<\/li>\n<li>S. Molinario, Saltarello Quatro, Saltarello Sesto und Saltarello Settimo, Transkription f\u00fcr Gitarre von G\u00e9rard Reyne, Edition Alphonse Leduc, 1,- \u20ac<\/li>\n<li>M. A. Zani de Ferranti, Trois M\u00e9lodies Nocturnes et une \u00c9tude, bearbeitet von Francois Castet, Edition Alphonse Leduc, 1,- \u20ac<\/li>\n<li>H. L. Hassler, Chanson, Edition Alphonse Leduc, bearbeitet von Francois Castet, 1,- \u20ac<\/li>\n<li>Heft 10 Hans Judenk\u00fcnig, Ain schone kunstliche vnderweisung, 1523 FH 4559, 5,- \u20ac<\/li>\n<\/ul>\n<h2>Sonstiges<\/h2>\n<ul>\n<li>J. S. Bach; Goldberg Variationen (f\u00fcr Klavier); Urtext; G. Henle Verlag; 2,- \u20ac<\/li>\n<\/ul>\n<p><strong>Versandkosten = Portokosten als B\u00fcchersendung \/ Brief \/ P\u00e4ckchen \/ Paket je nach Gewicht<\/strong><\/p>\n<p>Liste wird wird weiter erg\u00e4nzt!<\/p>\n","protected":false},"excerpt":{"rendered":"<p>Die folgenden Noten habe ich doppelt oder ich brauche sie nicht mehr &#8211; ich gebe sie g\u00fcnstig ab oder tausche [&hellip;]<\/p>\n","protected":false},"author":1,"featured_media":0,"parent":0,"menu_order":0,"comment_status":"closed","ping_status":"closed","template":"","meta":{"site-sidebar-layout":"default","site-content-layout":"","ast-site-content-layout":"","site-content-style":"default","site-sidebar-style":"default","ast-global-header-display":"","ast-banner-title-visibility":"","ast-main-header-display":"","ast-hfb-above-header-display":"","ast-hfb-below-header-display":"","ast-hfb-mobile-header-display":"","site-post-title":"","ast-breadcrumbs-content":"","ast-featured-img":"","footer-sml-layout":"","theme-transparent-header-meta":"","adv-header-id-meta":"","stick-header-meta":"","header-above-stick-meta":"","header-main-stick-meta":"","header-below-stick-meta":"","astra-migrate-meta-layouts":"default","ast-page-background-enabled":"default","ast-page-background-meta":{"desktop":{"background-color":"var(--ast-global-color-4)","background-image":"","background-repeat":"repeat","background-position":"center center","background-size":"auto","background-attachment":"scroll","background-type":"","background-media":"","overlay-type":"","overlay-color":"","overlay-opacity":"","overlay-gradient":""},"tablet":{"background-color":"","background-image":"","background-repeat":"repeat","background-position":"center center","background-size":"auto","background-attachment":"scroll","background-type":"","background-media":"","overlay-type":"","overlay-color":"","overlay-opacity":"","overlay-gradient":""},"mobile":{"background-color":"","background-image":"","background-repeat":"repeat","background-position":"center center","background-size":"auto","background-attachment":"scroll","background-type":"","background-media":"","overlay-type":"","overlay-color":"","overlay-opacity":"","overlay-gradient":""}},"ast-content-background-meta":{"desktop":{"background-color":"var(--ast-global-color-5)","background-image":"","background-repeat":"repeat","background-position":"center center","background-size":"auto","background-attachment":"scroll","background-type":"","background-media":"","overlay-type":"","overlay-color":"","overlay-opacity":"","overlay-gradient":""},"tablet":{"background-color":"var(--ast-global-color-5)","background-image":"","background-repeat":"repeat","background-position":"center center","background-size":"auto","background-attachment":"scroll","background-type":"","background-media":"","overlay-type":"","overlay-color":"","overlay-opacity":"","overlay-gradient":""},"mobile":{"background-color":"var(--ast-global-color-5)","background-image":"","background-repeat":"repeat","background-position":"center center","background-size":"auto","background-attachment":"scroll","background-type":"","background-media":"","overlay-type":"","overlay-color":"","overlay-opacity":"","overlay-gradient":""}},"jetpack_post_was_ever_published":false,"footnotes":""},"class_list":["post-2908","page","type-page","status-publish","hentry"],"jetpack_shortlink":"https:\/\/wp.me\/PI0aV-KU","jetpack_sharing_enabled":true,"_links":{"self":[{"href":"https:\/\/www.gezupftes.de\/index.php?rest_route=\/wp\/v2\/pages\/2908","targetHints":{"allow":["GET"]}}],"collection":[{"href":"https:\/\/www.gezupftes.de\/index.php?rest_route=\/wp\/v2\/pages"}],"about":[{"href":"https:\/\/www.gezupftes.de\/index.php?rest_route=\/wp\/v2\/types\/page"}],"author":[{"embeddable":true,"href":"https:\/\/www.gezupftes.de\/index.php?rest_route=\/wp\/v2\/users\/1"}],"replies":[{"embeddable":true,"href":"https:\/\/www.gezupftes.de\/index.php?rest_route=%2Fwp%2Fv2%2Fcomments&post=2908"}],"version-history":[{"count":47,"href":"https:\/\/www.gezupftes.de\/index.php?rest_route=\/wp\/v2\/pages\/2908\/revisions"}],"predecessor-version":[{"id":16951,"href":"https:\/\/www.gezupftes.de\/index.php?rest_route=\/wp\/v2\/pages\/2908\/revisions\/16951"}],"wp:attachment":[{"href":"https:\/\/www.gezupftes.de\/index.php?rest_route=%2Fwp%2Fv2%2Fmedia&parent=2908"}],"curies":[{"name":"wp","href":"https:\/\/api.w.org\/{rel}","templated":true}]}}