{"id":5864,"date":"2011-08-31T11:03:16","date_gmt":"2011-08-31T10:03:16","guid":{"rendered":"http:\/\/www.gezupftes.de\/?page_id=5864"},"modified":"2015-07-08T18:49:09","modified_gmt":"2015-07-08T17:49:09","slug":"mandolinenorchester-aus-der-ganzen-welt","status":"publish","type":"page","link":"https:\/\/www.gezupftes.de\/?page_id=5864","title":{"rendered":"Zupforchester aus der ganzen Welt (google Maps)"},"content":{"rendered":"<p>Auf dieser Seite werde ich Links und Karten zu den Mandolinenorchestern aus der ganzen Welt zusammenstellen.<\/p>\n<p>Seit kurzen sammle ich auch alle Links zu Homepages von Mandolinenorchestern mit einer Kurzinformation bei pinboard.in &#8211; Links werden st\u00e4ndig erg\u00e4nzt und ggf. auch korrigiert.<\/p>\n<h2>Linksammlungen Mandolinenorchester \/ Zupforchester<\/h2>\n<p><a href=\"http:\/\/pinboard.in\/u:mandoisland\/t:mandolinenorchester\/t:deutschland\" target=\"_blank\">Zupforchester aus Deutschland<\/a><\/p>\n<p><a href=\"http:\/\/pinboard.in\/u:mandoisland\/t:mandolinenorchester\/t:schweiz\" target=\"_blank\">Zupforchester aus der Schweiz<\/a><\/p>\n<p><a href=\"http:\/\/pinboard.in\/u:mandoisland\/t:mandolinenorchester\/t:frankreich\" target=\"_blank\">Zupforchester aus Frankreich<\/a><\/p>\n<p><a href=\"http:\/\/pinboard.in\/u:mandoisland\/t:mandolinenorchester\/t:spanien\" target=\"_blank\">Zupforchester aus Spanien<\/a><\/p>\n<p><a href=\"http:\/\/www.pinboard.in\/u:mandoisland\/t:mandolinenorchester\/t:Italien\/\" target=\"_blank\">Zupforchester aus Italien<\/a><\/p>\n<p><a href=\"http:\/\/pinboard.in\/u:mandoisland\/t:mandolinenorchester\/t:japan\" target=\"_blank\">Zupforchester aus Japan<\/a><\/p>\n<p><a href=\"http:\/\/pinboard.in\/u:mandoisland\/t:mandolinenorchester\/t:usa\" target=\"_blank\">Zupforchester aus den USA<\/a><\/p>\n<p><a href=\"http:\/\/pinboard.in\/u:mandoisland\/t:mandolinenorchester\/t:uk\" target=\"_blank\">Zupforchester aus UK<\/a><\/p>\n<p><a href=\"http:\/\/pinboard.in\/u:mandoisland\/t:mandolinenorchester\/t:niederlande\" target=\"_blank\">Zupforchester aus den Niederlanden<\/a><\/p>\n<p><a href=\"http:\/\/pinboard.in\/u:mandoisland\/t:mandolinenorchester\/t:belgien\" target=\"_blank\">Zupforchester aus Belgien<\/a><\/p>\n<p><a href=\"http:\/\/pinboard.in\/u:mandoisland\/t:mandolinenorchester\/t:polen\" target=\"_blank\">Zupforchester aus Polen<\/a><\/p>\n<p><a href=\"http:\/\/pinboard.in\/u:mandoisland\/t:mandolinenorchester\/t:%C3%96sterreich\/\" target=\"_blank\">Zupforchester aus \u00d6sterreich<\/a><\/p>\n<p><a href=\"http:\/\/www.pinboard.in\/u:mandoisland\/t:mandolinenorchester\/t:Australien\/\" target=\"_blank\">Zupforchester in Australien<\/a><\/p>\n<p><a href=\"http:\/\/pinboard.in\/u:mandoisland\/t:mandolinenorchester\/\" target=\"_blank\">Alle Zupforchester<\/a><\/p>\n<h2>Karten \/ Google Maps<\/h2>\n<p>Ich habe zun\u00e4chst mit der Karte der Mandolinenorchester in Deutschland begonnen, diese m\u00fcsse fast vollst\u00e4ndig sein.<\/p>\n<p>Die weiteren Karten werden nach und nach gef\u00fcllt &#8211; f\u00fcr Hinweise auf weitere Orchester bin ich jederzeit dankbar!<\/p>\n<p>Mandolinenorchester in <strong>Deutschland<\/strong>:<\/p>\n<p><a href=\"https:\/\/www.google.com\/maps\/d\/edit?mid=z7hFmJEfLg3c.k-ZgGSWhDasY&amp;usp=sharing\" target=\"_blank\">Karte Zupforchester in Deutschland<\/a><\/p>\n<p>Mandolinenorchester in der <strong>Schweiz<\/strong>:<\/p>\n<p style=\"padding-left: 30px;\"><a href=\"http:\/\/maps.google.de\/maps\/ms?msid=207341942603863424789.00049c8f958d9c5e1adf5&amp;msa=0\" target=\"_blank\">http:\/\/maps.google.de\/maps\/ms?msid=207341942603863424789.00049c8f958d9c5e1adf5&amp;msa=0<\/a><\/p>\n<p>Mandolinenorchester in den <strong>USA und Kanada<\/strong>:<\/p>\n<p style=\"padding-left: 30px;\"><a href=\"http:\/\/maps.google.de\/maps\/ms?msid=207341942603863424789.0004ab54d1c91a574c1f6&amp;msa=0\" target=\"_blank\">http:\/\/maps.google.de\/maps\/ms?msid=207341942603863424789.0004ab54d1c91a574c1f6&amp;msa=0<\/a><\/p>\n<p>Mandolinenorchester in <strong>Frankreich<\/strong>:<\/p>\n<p style=\"padding-left: 30px;\"><a href=\"http:\/\/maps.google.de\/maps\/ms?msid=207341942603863424789.0004aa2937d5d700d7868&amp;msa=0\" target=\"_blank\">http:\/\/maps.google.de\/maps\/ms?msid=207341942603863424789.0004aa2937d5d700d7868&amp;msa=0<\/a><\/p>\n<p>Mandolinenorchester in <strong>Grossbritannien<\/strong>:<\/p>\n<p style=\"padding-left: 30px;\"><a href=\"http:\/\/maps.google.de\/maps\/ms?msid=207341942603863424789.0004ab81f6c35741ef938&amp;msa=0\" target=\"_blank\">http:\/\/maps.google.de\/maps\/ms?msid=207341942603863424789.0004ab81f6c35741ef938&amp;msa=0<\/a><\/p>\n<p>Mandolinenorchester in <strong>Italien<\/strong>:<\/p>\n<p style=\"padding-left: 30px;\"><a href=\"http:\/\/maps.google.de\/maps\/ms?msid=207341942603863424789.0004ac9c58f38a4e97dba&amp;msa=0\" target=\"_blank\">http:\/\/maps.google.de\/maps\/ms?msid=207341942603863424789.0004ac9c58f38a4e97dba&amp;msa=0<\/a><\/p>\n<p>Mandolienorchester in <strong>\u00d6sterreich<\/strong>:<\/p>\n<p style=\"padding-left: 30px;\"><a href=\"http:\/\/maps.google.de\/maps\/ms?msid=207341942603863424789.0004b1ac7c07747ff6e43&amp;msa=0\" target=\"_blank\">http:\/\/maps.google.de\/maps\/ms?msid=207341942603863424789.0004b1ac7c07747ff6e43&amp;msa=0<\/a><\/p>\n<p>Mandolinenorchester in <strong>Australien und Neuseeland<\/strong>:<\/p>\n<blockquote><p><a href=\"http:\/\/g.co\/maps\/xwkqc\" target=\"_blank\">http:\/\/g.co\/maps\/xwkqc<\/a><\/p><\/blockquote>\n<p>Mandolinenorchester in <strong>Spanien<\/strong>:<\/p>\n<p style=\"padding-left: 30px;\"><a href=\"http:\/\/goo.gl\/maps\/KBQG\" target=\"_blank\">http:\/\/goo.gl\/maps\/KBQG<\/a><\/p>\n<p>Mandolinenorchester \u00a0in <strong>Japan (unvollst\u00e4ndig &#8211; ich fange gerade an zu sammeln)<\/strong>:<\/p>\n<p style=\"padding-left: 30px;\"><a href=\"http:\/\/goo.gl\/maps\/QhVPh\" target=\"_blank\">http:\/\/goo.gl\/maps\/QhVPh<\/a><\/p>\n<p>Mandolinenorchester aus anderen L\u00e4ndern sammle ich im Moment in der folgenden Karte:<\/p>\n<p>Mandolinenorchester aus anderen L\u00e4ndern:<\/p>\n<p style=\"padding-left: 30px;\"><a href=\"http:\/\/goo.gl\/maps\/xPL9x\" target=\"_blank\">http:\/\/goo.gl\/maps\/xPL9x<\/a><\/p>\n","protected":false},"excerpt":{"rendered":"<p>Auf dieser Seite werde ich Links und Karten zu den Mandolinenorchestern aus der ganzen Welt zusammenstellen. Seit kurzen sammle ich [&hellip;]<\/p>\n","protected":false},"author":1,"featured_media":0,"parent":0,"menu_order":0,"comment_status":"closed","ping_status":"closed","template":"","meta":{"site-sidebar-layout":"default","site-content-layout":"","ast-site-content-layout":"","site-content-style":"default","site-sidebar-style":"default","ast-global-header-display":"","ast-banner-title-visibility":"","ast-main-header-display":"","ast-hfb-above-header-display":"","ast-hfb-below-header-display":"","ast-hfb-mobile-header-display":"","site-post-title":"","ast-breadcrumbs-content":"","ast-featured-img":"","footer-sml-layout":"","theme-transparent-header-meta":"","adv-header-id-meta":"","stick-header-meta":"","header-above-stick-meta":"","header-main-stick-meta":"","header-below-stick-meta":"","astra-migrate-meta-layouts":"default","ast-page-background-enabled":"default","ast-page-background-meta":{"desktop":{"background-color":"var(--ast-global-color-4)","background-image":"","background-repeat":"repeat","background-position":"center center","background-size":"auto","background-attachment":"scroll","background-type":"","background-media":"","overlay-type":"","overlay-color":"","overlay-opacity":"","overlay-gradient":""},"tablet":{"background-color":"","background-image":"","background-repeat":"repeat","background-position":"center center","background-size":"auto","background-attachment":"scroll","background-type":"","background-media":"","overlay-type":"","overlay-color":"","overlay-opacity":"","overlay-gradient":""},"mobile":{"background-color":"","background-image":"","background-repeat":"repeat","background-position":"center center","background-size":"auto","background-attachment":"scroll","background-type":"","background-media":"","overlay-type":"","overlay-color":"","overlay-opacity":"","overlay-gradient":""}},"ast-content-background-meta":{"desktop":{"background-color":"var(--ast-global-color-5)","background-image":"","background-repeat":"repeat","background-position":"center center","background-size":"auto","background-attachment":"scroll","background-type":"","background-media":"","overlay-type":"","overlay-color":"","overlay-opacity":"","overlay-gradient":""},"tablet":{"background-color":"var(--ast-global-color-5)","background-image":"","background-repeat":"repeat","background-position":"center center","background-size":"auto","background-attachment":"scroll","background-type":"","background-media":"","overlay-type":"","overlay-color":"","overlay-opacity":"","overlay-gradient":""},"mobile":{"background-color":"var(--ast-global-color-5)","background-image":"","background-repeat":"repeat","background-position":"center center","background-size":"auto","background-attachment":"scroll","background-type":"","background-media":"","overlay-type":"","overlay-color":"","overlay-opacity":"","overlay-gradient":""}},"jetpack_post_was_ever_published":false,"footnotes":""},"class_list":["post-5864","page","type-page","status-publish","hentry"],"jetpack_shortlink":"https:\/\/wp.me\/PI0aV-1wA","jetpack_sharing_enabled":true,"_links":{"self":[{"href":"https:\/\/www.gezupftes.de\/index.php?rest_route=\/wp\/v2\/pages\/5864","targetHints":{"allow":["GET"]}}],"collection":[{"href":"https:\/\/www.gezupftes.de\/index.php?rest_route=\/wp\/v2\/pages"}],"about":[{"href":"https:\/\/www.gezupftes.de\/index.php?rest_route=\/wp\/v2\/types\/page"}],"author":[{"embeddable":true,"href":"https:\/\/www.gezupftes.de\/index.php?rest_route=\/wp\/v2\/users\/1"}],"replies":[{"embeddable":true,"href":"https:\/\/www.gezupftes.de\/index.php?rest_route=%2Fwp%2Fv2%2Fcomments&post=5864"}],"version-history":[{"count":30,"href":"https:\/\/www.gezupftes.de\/index.php?rest_route=\/wp\/v2\/pages\/5864\/revisions"}],"predecessor-version":[{"id":10442,"href":"https:\/\/www.gezupftes.de\/index.php?rest_route=\/wp\/v2\/pages\/5864\/revisions\/10442"}],"wp:attachment":[{"href":"https:\/\/www.gezupftes.de\/index.php?rest_route=%2Fwp%2Fv2%2Fmedia&parent=5864"}],"curies":[{"name":"wp","href":"https:\/\/api.w.org\/{rel}","templated":true}]}}